{"id":21,"date":"2018-08-16T04:35:17","date_gmt":"2018-08-16T04:35:17","guid":{"rendered":"http:\/\/localhost\/ikon\/?page_id=21"},"modified":"2022-08-28T02:19:23","modified_gmt":"2022-08-28T02:19:23","slug":"view-all-services","status":"publish","type":"page","link":"https:\/\/gestionyexcelencia.cl\/?page_id=21","title":{"rendered":"Nuestros Servicios"},"content":{"rendered":"<p><section class=\"kc-elm kc-css-239845 kc_row\"><div class=\"kc-row-container  kc-container\"><div class=\"kc-wrap-columns\"><div class=\"kc-elm kc-css-952833 kc_col-sm-12 kc_column kc_col-sm-12\"><div class=\"kc-col-container\">\n\n\n\n<!--Services Section Three-->\n<section class=\"tm services-section-three\">\n\t<div class=\"auto-container\">\n\t\t<!--Sec Title-->\n\t\t<div class=\"sec-title centered\">\n\t\t\t<div class=\"title\">Dise\u00f1o e implementaci\u00f3n de Sistemas de Gesti\u00f3n <\/div>\n\t\t\t<h2><\/h2>\n\t\t<\/div>\n\t\t\n\t\t<div class=\"row clearfix\">\n\t\t\t\n\t\t\t\t\t   \n\t\t\t<!--Services Block Four-->\n\t\t\t<div class=\"services-block-four col-md-4 col-sm-6 col-xs-12\">\n\t\t\t\t<div class=\"inner-box\">\n\t\t\t\t\t<div class=\"image\">\n\t\t\t\t\t\t<img loading=\"lazy\" decoding=\"async\" width=\"2560\" height=\"1709\" src=\"https:\/\/gestionyexcelencia.cl\/wp-content\/uploads\/2018\/08\/christina-wocintechchat-com-0Nfqp0WiJqc-unsplash-scaled.jpg\" class=\"attachment-post-thumbnail size-post-thumbnail wp-post-image\" alt=\"\" srcset=\"https:\/\/gestionyexcelencia.cl\/wp-content\/uploads\/2018\/08\/christina-wocintechchat-com-0Nfqp0WiJqc-unsplash-scaled.jpg 2560w, https:\/\/gestionyexcelencia.cl\/wp-content\/uploads\/2018\/08\/christina-wocintechchat-com-0Nfqp0WiJqc-unsplash-300x200.jpg 300w, https:\/\/gestionyexcelencia.cl\/wp-content\/uploads\/2018\/08\/christina-wocintechchat-com-0Nfqp0WiJqc-unsplash-1024x684.jpg 1024w, https:\/\/gestionyexcelencia.cl\/wp-content\/uploads\/2018\/08\/christina-wocintechchat-com-0Nfqp0WiJqc-unsplash-768x513.jpg 768w, https:\/\/gestionyexcelencia.cl\/wp-content\/uploads\/2018\/08\/christina-wocintechchat-com-0Nfqp0WiJqc-unsplash-1536x1025.jpg 1536w, https:\/\/gestionyexcelencia.cl\/wp-content\/uploads\/2018\/08\/christina-wocintechchat-com-0Nfqp0WiJqc-unsplash-2048x1367.jpg 2048w, https:\/\/gestionyexcelencia.cl\/wp-content\/uploads\/2018\/08\/christina-wocintechchat-com-0Nfqp0WiJqc-unsplash-360x240.jpg 360w\" sizes=\"auto, (max-width: 2560px) 100vw, 2560px\" \/>\t\t\t\t\t\t<div class=\"icon-box\">\n\t\t\t\t\t\t\t<span class=\"icon icon flaticon-optimization\"><\/span>\n\t\t\t\t\t\t<\/div>\n\t\t\t\t\t\t<div class=\"overlay-box\">\n\t\t\t\t\t\t\t<div class=\"overlay-icon\">\n\t\t\t\t\t\t\t\t<span class=\"icon icon flaticon-optimization\"><\/span>\n\t\t\t\t\t\t\t<\/div>\n\t\t\t\t\t\t<\/div>\n\t\t\t\t\t<\/div>\n\t\t\t\t\t<div class=\"lower-content\">\n\t\t\t\t\t\t<h3><a href=\"https:\/\/gestionyexcelencia.cl\/?page_id=37\">LEAN Six Sigma<\/a><\/h3>\n\t\t\t\t\t\t<div class=\"text\">Dise\u00f1o e implementaci\u00f3n de planes de mejora basados en herramientas de Lean ...<\/div>\n\t\t\t\t\t\t<a href=\"https:\/\/gestionyexcelencia.cl\/?page_id=37\" class=\"read-more\">Ver m\u00e1s<\/a>\n\t\t\t\t\t<\/div>\n\t\t\t\t<\/div>\n\t\t\t<\/div>\n\t\t\t\n\t\t\t\t\t   \n\t\t\t<!--Services Block Four-->\n\t\t\t<div class=\"services-block-four col-md-4 col-sm-6 col-xs-12\">\n\t\t\t\t<div class=\"inner-box\">\n\t\t\t\t\t<div class=\"image\">\n\t\t\t\t\t\t<img loading=\"lazy\" decoding=\"async\" width=\"2560\" height=\"1708\" src=\"https:\/\/gestionyexcelencia.cl\/wp-content\/uploads\/2018\/08\/thisisengineering-raeng-bIltCMXIwRE-unsplash-scaled.jpg\" class=\"attachment-post-thumbnail size-post-thumbnail wp-post-image\" alt=\"\" srcset=\"https:\/\/gestionyexcelencia.cl\/wp-content\/uploads\/2018\/08\/thisisengineering-raeng-bIltCMXIwRE-unsplash-scaled.jpg 2560w, https:\/\/gestionyexcelencia.cl\/wp-content\/uploads\/2018\/08\/thisisengineering-raeng-bIltCMXIwRE-unsplash-300x200.jpg 300w, https:\/\/gestionyexcelencia.cl\/wp-content\/uploads\/2018\/08\/thisisengineering-raeng-bIltCMXIwRE-unsplash-1024x683.jpg 1024w, https:\/\/gestionyexcelencia.cl\/wp-content\/uploads\/2018\/08\/thisisengineering-raeng-bIltCMXIwRE-unsplash-768x512.jpg 768w, https:\/\/gestionyexcelencia.cl\/wp-content\/uploads\/2018\/08\/thisisengineering-raeng-bIltCMXIwRE-unsplash-1536x1025.jpg 1536w, https:\/\/gestionyexcelencia.cl\/wp-content\/uploads\/2018\/08\/thisisengineering-raeng-bIltCMXIwRE-unsplash-2048x1366.jpg 2048w, https:\/\/gestionyexcelencia.cl\/wp-content\/uploads\/2018\/08\/thisisengineering-raeng-bIltCMXIwRE-unsplash-360x240.jpg 360w\" sizes=\"auto, (max-width: 2560px) 100vw, 2560px\" \/>\t\t\t\t\t\t<div class=\"icon-box\">\n\t\t\t\t\t\t\t<span class=\"icon icon flaticon-medal\"><\/span>\n\t\t\t\t\t\t<\/div>\n\t\t\t\t\t\t<div class=\"overlay-box\">\n\t\t\t\t\t\t\t<div class=\"overlay-icon\">\n\t\t\t\t\t\t\t\t<span class=\"icon icon flaticon-medal\"><\/span>\n\t\t\t\t\t\t\t<\/div>\n\t\t\t\t\t\t<\/div>\n\t\t\t\t\t<\/div>\n\t\t\t\t\t<div class=\"lower-content\">\n\t\t\t\t\t\t<h3><a href=\"https:\/\/gestionyexcelencia.cl\/?page_id=603\">Gesti\u00f3n de Calidad<\/a><\/h3>\n\t\t\t\t\t\t<div class=\"text\">Dise\u00f1o, implementaci\u00f3n, mantenimiento y mejora de Sistemas de Gesti\u00f3n de Calidad basados ...<\/div>\n\t\t\t\t\t\t<a href=\"https:\/\/gestionyexcelencia.cl\/?page_id=603\" class=\"read-more\">Ver m\u00e1s<\/a>\n\t\t\t\t\t<\/div>\n\t\t\t\t<\/div>\n\t\t\t<\/div>\n\t\t\t\n\t\t\t\t\t   \n\t\t\t<!--Services Block Four-->\n\t\t\t<div class=\"services-block-four col-md-4 col-sm-6 col-xs-12\">\n\t\t\t\t<div class=\"inner-box\">\n\t\t\t\t\t<div class=\"image\">\n\t\t\t\t\t\t<img loading=\"lazy\" decoding=\"async\" width=\"1920\" height=\"1346\" src=\"https:\/\/gestionyexcelencia.cl\/wp-content\/uploads\/2022\/07\/newtons-cradle-g3aa406222_1920.jpg\" class=\"attachment-post-thumbnail size-post-thumbnail wp-post-image\" alt=\"\" srcset=\"https:\/\/gestionyexcelencia.cl\/wp-content\/uploads\/2022\/07\/newtons-cradle-g3aa406222_1920.jpg 1920w, https:\/\/gestionyexcelencia.cl\/wp-content\/uploads\/2022\/07\/newtons-cradle-g3aa406222_1920-300x210.jpg 300w, https:\/\/gestionyexcelencia.cl\/wp-content\/uploads\/2022\/07\/newtons-cradle-g3aa406222_1920-1024x718.jpg 1024w, https:\/\/gestionyexcelencia.cl\/wp-content\/uploads\/2022\/07\/newtons-cradle-g3aa406222_1920-768x538.jpg 768w, https:\/\/gestionyexcelencia.cl\/wp-content\/uploads\/2022\/07\/newtons-cradle-g3aa406222_1920-1536x1077.jpg 1536w\" sizes=\"auto, (max-width: 1920px) 100vw, 1920px\" \/>\t\t\t\t\t\t<div class=\"icon-box\">\n\t\t\t\t\t\t\t<span class=\"icon icon flaticon-clock-2\"><\/span>\n\t\t\t\t\t\t<\/div>\n\t\t\t\t\t\t<div class=\"overlay-box\">\n\t\t\t\t\t\t\t<div class=\"overlay-icon\">\n\t\t\t\t\t\t\t\t<span class=\"icon icon flaticon-clock-2\"><\/span>\n\t\t\t\t\t\t\t<\/div>\n\t\t\t\t\t\t<\/div>\n\t\t\t\t\t<\/div>\n\t\t\t\t\t<div class=\"lower-content\">\n\t\t\t\t\t\t<h3><a href=\"https:\/\/gestionyexcelencia.cl\/?page_id=39\">Gesti\u00f3n de Continuidad del Negocio<\/a><\/h3>\n\t\t\t\t\t\t<div class=\"text\">Dise\u00f1o, implementaci\u00f3n, mantenimiento y mejora de Sistemas de Gesti\u00f3n de Continuidad del ...<\/div>\n\t\t\t\t\t\t<a href=\"https:\/\/gestionyexcelencia.cl\/?page_id=39\" class=\"read-more\">Ver m\u00e1s<\/a>\n\t\t\t\t\t<\/div>\n\t\t\t\t<\/div>\n\t\t\t<\/div>\n\t\t\t\n\t\t\t\t\t   \n\t\t\t<!--Services Block Four-->\n\t\t\t<div class=\"services-block-four col-md-4 col-sm-6 col-xs-12\">\n\t\t\t\t<div class=\"inner-box\">\n\t\t\t\t\t<div class=\"image\">\n\t\t\t\t\t\t<img loading=\"lazy\" decoding=\"async\" width=\"2560\" height=\"1695\" src=\"https:\/\/gestionyexcelencia.cl\/wp-content\/uploads\/2022\/07\/lukas-blazek-mcSDtbWXUZU-unsplash-scaled.jpg\" class=\"attachment-post-thumbnail size-post-thumbnail wp-post-image\" alt=\"\" srcset=\"https:\/\/gestionyexcelencia.cl\/wp-content\/uploads\/2022\/07\/lukas-blazek-mcSDtbWXUZU-unsplash-scaled.jpg 2560w, https:\/\/gestionyexcelencia.cl\/wp-content\/uploads\/2022\/07\/lukas-blazek-mcSDtbWXUZU-unsplash-300x199.jpg 300w, https:\/\/gestionyexcelencia.cl\/wp-content\/uploads\/2022\/07\/lukas-blazek-mcSDtbWXUZU-unsplash-1024x678.jpg 1024w, https:\/\/gestionyexcelencia.cl\/wp-content\/uploads\/2022\/07\/lukas-blazek-mcSDtbWXUZU-unsplash-768x509.jpg 768w, https:\/\/gestionyexcelencia.cl\/wp-content\/uploads\/2022\/07\/lukas-blazek-mcSDtbWXUZU-unsplash-1536x1017.jpg 1536w, https:\/\/gestionyexcelencia.cl\/wp-content\/uploads\/2022\/07\/lukas-blazek-mcSDtbWXUZU-unsplash-2048x1356.jpg 2048w\" sizes=\"auto, (max-width: 2560px) 100vw, 2560px\" \/>\t\t\t\t\t\t<div class=\"icon-box\">\n\t\t\t\t\t\t\t<span class=\"icon icon flaticon-document\"><\/span>\n\t\t\t\t\t\t<\/div>\n\t\t\t\t\t\t<div class=\"overlay-box\">\n\t\t\t\t\t\t\t<div class=\"overlay-icon\">\n\t\t\t\t\t\t\t\t<span class=\"icon icon flaticon-document\"><\/span>\n\t\t\t\t\t\t\t<\/div>\n\t\t\t\t\t\t<\/div>\n\t\t\t\t\t<\/div>\n\t\t\t\t\t<div class=\"lower-content\">\n\t\t\t\t\t\t<h3><a href=\"https:\/\/gestionyexcelencia.cl\/?page_id=40\">Gesti\u00f3n de Riesgos<\/a><\/h3>\n\t\t\t\t\t\t<div class=\"text\">Dise\u00f1o, implementaci\u00f3n, mantenimiento y mejora de Sistemas de Gesti\u00f3n de Sistemas de ...<\/div>\n\t\t\t\t\t\t<a href=\"https:\/\/gestionyexcelencia.cl\/?page_id=40\" class=\"read-more\">Ver m\u00e1s<\/a>\n\t\t\t\t\t<\/div>\n\t\t\t\t<\/div>\n\t\t\t<\/div>\n\t\t\t\n\t\t\t\t\t   \n\t\t\t<!--Services Block Four-->\n\t\t\t<div class=\"services-block-four col-md-4 col-sm-6 col-xs-12\">\n\t\t\t\t<div class=\"inner-box\">\n\t\t\t\t\t<div class=\"image\">\n\t\t\t\t\t\t<img loading=\"lazy\" decoding=\"async\" width=\"2560\" height=\"1707\" src=\"https:\/\/gestionyexcelencia.cl\/wp-content\/uploads\/2018\/08\/krakenimages-376KN_ISplE-unsplash-scaled.jpg\" class=\"attachment-post-thumbnail size-post-thumbnail wp-post-image\" alt=\"\" srcset=\"https:\/\/gestionyexcelencia.cl\/wp-content\/uploads\/2018\/08\/krakenimages-376KN_ISplE-unsplash-scaled.jpg 2560w, https:\/\/gestionyexcelencia.cl\/wp-content\/uploads\/2018\/08\/krakenimages-376KN_ISplE-unsplash-300x200.jpg 300w, https:\/\/gestionyexcelencia.cl\/wp-content\/uploads\/2018\/08\/krakenimages-376KN_ISplE-unsplash-1024x683.jpg 1024w, https:\/\/gestionyexcelencia.cl\/wp-content\/uploads\/2018\/08\/krakenimages-376KN_ISplE-unsplash-768x512.jpg 768w, https:\/\/gestionyexcelencia.cl\/wp-content\/uploads\/2018\/08\/krakenimages-376KN_ISplE-unsplash-1536x1024.jpg 1536w, https:\/\/gestionyexcelencia.cl\/wp-content\/uploads\/2018\/08\/krakenimages-376KN_ISplE-unsplash-2048x1365.jpg 2048w, https:\/\/gestionyexcelencia.cl\/wp-content\/uploads\/2018\/08\/krakenimages-376KN_ISplE-unsplash-360x240.jpg 360w\" sizes=\"auto, (max-width: 2560px) 100vw, 2560px\" \/>\t\t\t\t\t\t<div class=\"icon-box\">\n\t\t\t\t\t\t\t<span class=\"icon icon flaticon-success\"><\/span>\n\t\t\t\t\t\t<\/div>\n\t\t\t\t\t\t<div class=\"overlay-box\">\n\t\t\t\t\t\t\t<div class=\"overlay-icon\">\n\t\t\t\t\t\t\t\t<span class=\"icon icon flaticon-success\"><\/span>\n\t\t\t\t\t\t\t<\/div>\n\t\t\t\t\t\t<\/div>\n\t\t\t\t\t<\/div>\n\t\t\t\t\t<div class=\"lower-content\">\n\t\t\t\t\t\t<h3><a href=\"https:\/\/gestionyexcelencia.cl\/?page_id=41\">Igualdad de G\u00e9nero<\/a><\/h3>\n\t\t\t\t\t\t<div class=\"text\">Dise\u00f1o, implementaci\u00f3n, mantenimiento y mejora de Sistemas de Gesti\u00f3n de Igualdad de ...<\/div>\n\t\t\t\t\t\t<a href=\"https:\/\/gestionyexcelencia.cl\/?page_id=41\" class=\"read-more\">Ver m\u00e1s<\/a>\n\t\t\t\t\t<\/div>\n\t\t\t\t<\/div>\n\t\t\t<\/div>\n\t\t\t\n\t\t\t\t\t   \n\t\t\t<!--Services Block Four-->\n\t\t\t<div class=\"services-block-four col-md-4 col-sm-6 col-xs-12\">\n\t\t\t\t<div class=\"inner-box\">\n\t\t\t\t\t<div class=\"image\">\n\t\t\t\t\t\t<img loading=\"lazy\" decoding=\"async\" width=\"2560\" height=\"1709\" src=\"https:\/\/gestionyexcelencia.cl\/wp-content\/uploads\/2018\/08\/woman-s-eye-with-smart-contact-lens-biometric-secu-technology-concept-scaled.jpg\" class=\"attachment-post-thumbnail size-post-thumbnail wp-post-image\" alt=\"\" srcset=\"https:\/\/gestionyexcelencia.cl\/wp-content\/uploads\/2018\/08\/woman-s-eye-with-smart-contact-lens-biometric-secu-technology-concept-scaled.jpg 2560w, https:\/\/gestionyexcelencia.cl\/wp-content\/uploads\/2018\/08\/woman-s-eye-with-smart-contact-lens-biometric-secu-technology-concept-300x200.jpg 300w, https:\/\/gestionyexcelencia.cl\/wp-content\/uploads\/2018\/08\/woman-s-eye-with-smart-contact-lens-biometric-secu-technology-concept-1024x683.jpg 1024w, https:\/\/gestionyexcelencia.cl\/wp-content\/uploads\/2018\/08\/woman-s-eye-with-smart-contact-lens-biometric-secu-technology-concept-768x513.jpg 768w, https:\/\/gestionyexcelencia.cl\/wp-content\/uploads\/2018\/08\/woman-s-eye-with-smart-contact-lens-biometric-secu-technology-concept-1536x1025.jpg 1536w, https:\/\/gestionyexcelencia.cl\/wp-content\/uploads\/2018\/08\/woman-s-eye-with-smart-contact-lens-biometric-secu-technology-concept-2048x1367.jpg 2048w, https:\/\/gestionyexcelencia.cl\/wp-content\/uploads\/2018\/08\/woman-s-eye-with-smart-contact-lens-biometric-secu-technology-concept-360x240.jpg 360w\" sizes=\"auto, (max-width: 2560px) 100vw, 2560px\" \/>\t\t\t\t\t\t<div class=\"icon-box\">\n\t\t\t\t\t\t\t<span class=\"icon icon flaticon-padlock\"><\/span>\n\t\t\t\t\t\t<\/div>\n\t\t\t\t\t\t<div class=\"overlay-box\">\n\t\t\t\t\t\t\t<div class=\"overlay-icon\">\n\t\t\t\t\t\t\t\t<span class=\"icon icon flaticon-padlock\"><\/span>\n\t\t\t\t\t\t\t<\/div>\n\t\t\t\t\t\t<\/div>\n\t\t\t\t\t<\/div>\n\t\t\t\t\t<div class=\"lower-content\">\n\t\t\t\t\t\t<h3><a href=\"https:\/\/gestionyexcelencia.cl\/?page_id=42\">Gesti\u00f3n de Seguridad de la Informaci\u00f3n<\/a><\/h3>\n\t\t\t\t\t\t<div class=\"text\">Dise\u00f1o, implementaci\u00f3n, mantenimiento y mejora de Sistemas de Gesti\u00f3n de Seguridad de ...<\/div>\n\t\t\t\t\t\t<a href=\"https:\/\/gestionyexcelencia.cl\/?page_id=42\" class=\"read-more\">Ver m\u00e1s<\/a>\n\t\t\t\t\t<\/div>\n\t\t\t\t<\/div>\n\t\t\t<\/div>\n\t\t\t\n\t\t\t\t\t\t\n\t\t<\/div>\n\t\t\n\t<\/div>\n<\/section>\n<!--End Services Section Three-->\n\n\n<\/div><\/div><\/div><\/div><\/section><section data-kc-fullwidth=\"content\" class=\"kc-elm kc-css-399880 kc_row\"><div class=\"kc-row-container\"><div class=\"kc-wrap-columns\"><div class=\"kc-elm kc-css-359204 kc_col-sm-12 kc_column kc_col-sm-12\"><div class=\"kc-col-container\">\r\n<section class=\" testimonial-section style-two\">\r\n    \t<div class=\"auto-container\">\r\n        \t<div class=\"row clearfix\">\r\n            \t\r\n                <!--Title Column-->\r\n                <div class=\"title-column col-md-4 col-sm-12 col-xs-12\">\r\n                \t<div class=\"inner-column\">\r\n                    \t<div class=\"sec-title light\">\r\n                        \t<div class=\"title\">Testimonials<\/div>\r\n                            <h2>CUSTOMER FEEDBACK<\/h2>\r\n                        <\/div>\r\n                        <div class=\"text\">Great explorer the truth, the master builder of human happiness no one rejects dislikes our team.<\/div>\r\n                        <a href=\"#\" class=\"more\">MORE HAPPY WORDS<\/a>\r\n                    <\/div>\r\n                <\/div>\r\n                \r\n                <!--Testimonail Column-->\r\n                <div class=\"testimonial-column col-md-8 col-sm-12 col-xs-12\">\r\n                \t<div class=\"inner-column\">\r\n                    \t<div class=\"single-item-carousel owl-carousel owl-theme\">\r\n                        \t\r\n                            \t\t\t\t\t\t\t\r\n\t\t\t\t\t\t\t<!--Testimonial Block-->\r\n                            <div class=\"testimonial-block\">\r\n                            \t<div class=\"inner-box\">\r\n                                \t<div class=\"content-box\">\r\n                                    \t<div class=\"content\">\r\n                                        \t<div class=\"quote-icon\">\r\n                                            \t<span class=\"icon flaticon-left-quote-1\"><\/span>\r\n                                            <\/div>\r\n                                        \t<div class=\"text\">Idea of denouncing pleasure &amp; praising pain was born and I will give you a complete account of the system, and expound the actual ...<\/div>\r\n                                        <\/div>\r\n                                    <\/div>\r\n                                    <div class=\"author-info\">\r\n                                    \t<h3>Hardley Richardson<\/h3>\r\n                                        <div class=\"location\">Newyork City<\/div>\r\n                                    <\/div>\r\n                                \t<div class=\"image\">\r\n                                    \t<img loading=\"lazy\" decoding=\"async\" width=\"353\" height=\"481\" src=\"https:\/\/gestionyexcelencia.cl\/wp-content\/uploads\/2018\/08\/author-1-1.png\" class=\"attachment-post-thumbnail size-post-thumbnail wp-post-image\" alt=\"\" srcset=\"https:\/\/gestionyexcelencia.cl\/wp-content\/uploads\/2018\/08\/author-1-1.png 353w, https:\/\/gestionyexcelencia.cl\/wp-content\/uploads\/2018\/08\/author-1-1-220x300.png 220w\" sizes=\"auto, (max-width: 353px) 100vw, 353px\" \/>                                    <\/div>\r\n                                <\/div>\r\n                            <\/div>\r\n                            \r\n\t\t\t\t\t\t\t\t\t\t\t\t\t\t\r\n\t\t\t\t\t\t\t<!--Testimonial Block-->\r\n                            <div class=\"testimonial-block\">\r\n                            \t<div class=\"inner-box\">\r\n                                \t<div class=\"content-box\">\r\n                                    \t<div class=\"content\">\r\n                                        \t<div class=\"quote-icon\">\r\n                                            \t<span class=\"icon flaticon-left-quote-1\"><\/span>\r\n                                            <\/div>\r\n                                        \t<div class=\"text\">Idea of denouncing pleasure &amp; praising pain was born and I will give you a complete account of the system, and expound the actual ...<\/div>\r\n                                        <\/div>\r\n                                    <\/div>\r\n                                    <div class=\"author-info\">\r\n                                    \t<h3>Hardley Richardson<\/h3>\r\n                                        <div class=\"location\">Newyork City<\/div>\r\n                                    <\/div>\r\n                                \t<div class=\"image\">\r\n                                    \t<img loading=\"lazy\" decoding=\"async\" width=\"353\" height=\"481\" src=\"https:\/\/gestionyexcelencia.cl\/wp-content\/uploads\/2018\/08\/author-1-1.png\" class=\"attachment-post-thumbnail size-post-thumbnail wp-post-image\" alt=\"\" srcset=\"https:\/\/gestionyexcelencia.cl\/wp-content\/uploads\/2018\/08\/author-1-1.png 353w, https:\/\/gestionyexcelencia.cl\/wp-content\/uploads\/2018\/08\/author-1-1-220x300.png 220w\" sizes=\"auto, (max-width: 353px) 100vw, 353px\" \/>                                    <\/div>\r\n                                <\/div>\r\n                            <\/div>\r\n                            \r\n\t\t\t\t\t\t\t\t\t\t\t\t\t\t\r\n\t\t\t\t\t\t\t<!--Testimonial Block-->\r\n                            <div class=\"testimonial-block\">\r\n                            \t<div class=\"inner-box\">\r\n                                \t<div class=\"content-box\">\r\n                                    \t<div class=\"content\">\r\n                                        \t<div class=\"quote-icon\">\r\n                                            \t<span class=\"icon flaticon-left-quote-1\"><\/span>\r\n                                            <\/div>\r\n                                        \t<div class=\"text\">Idea of denouncing pleasure &amp; praising pain was born and I will give you a complete account of the system, and expound the actual ...<\/div>\r\n                                        <\/div>\r\n                                    <\/div>\r\n                                    <div class=\"author-info\">\r\n                                    \t<h3>Hardley Richardson<\/h3>\r\n                                        <div class=\"location\">Newyork City<\/div>\r\n                                    <\/div>\r\n                                \t<div class=\"image\">\r\n                                    \t<img loading=\"lazy\" decoding=\"async\" width=\"353\" height=\"481\" src=\"https:\/\/gestionyexcelencia.cl\/wp-content\/uploads\/2018\/08\/author-1-1.png\" class=\"attachment-post-thumbnail size-post-thumbnail wp-post-image\" alt=\"\" srcset=\"https:\/\/gestionyexcelencia.cl\/wp-content\/uploads\/2018\/08\/author-1-1.png 353w, https:\/\/gestionyexcelencia.cl\/wp-content\/uploads\/2018\/08\/author-1-1-220x300.png 220w\" sizes=\"auto, (max-width: 353px) 100vw, 353px\" \/>                                    <\/div>\r\n                                <\/div>\r\n                            <\/div>\r\n                            \r\n\t\t\t\t\t\t\t                        <\/div>\r\n                    <\/div>\r\n                <\/div> \r\n            <\/div>\r\n        <\/div>\r\n    <\/section>\r\n  \r\n    \r\n\r\n\r\n<\/div><\/div><\/div><\/div><\/section><\/p>\n","protected":false},"excerpt":{"rendered":"","protected":false},"author":3,"featured_media":1709,"parent":0,"menu_order":0,"comment_status":"closed","ping_status":"closed","template":"tpl-king-composer.php","meta":{"footnotes":""},"class_list":["post-21","page","type-page","status-publish","has-post-thumbnail","hentry"],"_links":{"self":[{"href":"https:\/\/gestionyexcelencia.cl\/index.php?rest_route=\/wp\/v2\/pages\/21","targetHints":{"allow":["GET"]}}],"collection":[{"href":"https:\/\/gestionyexcelencia.cl\/index.php?rest_route=\/wp\/v2\/pages"}],"about":[{"href":"https:\/\/gestionyexcelencia.cl\/index.php?rest_route=\/wp\/v2\/types\/page"}],"author":[{"embeddable":true,"href":"https:\/\/gestionyexcelencia.cl\/index.php?rest_route=\/wp\/v2\/users\/3"}],"replies":[{"embeddable":true,"href":"https:\/\/gestionyexcelencia.cl\/index.php?rest_route=%2Fwp%2Fv2%2Fcomments&post=21"}],"version-history":[{"count":18,"href":"https:\/\/gestionyexcelencia.cl\/index.php?rest_route=\/wp\/v2\/pages\/21\/revisions"}],"predecessor-version":[{"id":2076,"href":"https:\/\/gestionyexcelencia.cl\/index.php?rest_route=\/wp\/v2\/pages\/21\/revisions\/2076"}],"wp:featuredmedia":[{"embeddable":true,"href":"https:\/\/gestionyexcelencia.cl\/index.php?rest_route=\/wp\/v2\/media\/1709"}],"wp:attachment":[{"href":"https:\/\/gestionyexcelencia.cl\/index.php?rest_route=%2Fwp%2Fv2%2Fmedia&parent=21"}],"curies":[{"name":"wp","href":"https:\/\/api.w.org\/{rel}","templated":true}]}}