{"id":39,"date":"2018-08-16T04:36:07","date_gmt":"2018-08-16T04:36:07","guid":{"rendered":"http:\/\/localhost\/ikon\/?page_id=39"},"modified":"2022-08-28T00:46:15","modified_gmt":"2022-08-28T00:46:15","slug":"business-services","status":"publish","type":"page","link":"https:\/\/gestionyexcelencia.cl\/?page_id=39","title":{"rendered":"Gesti\u00f3n de Continuidad del Negocio"},"content":{"rendered":"<section class=\"kc-elm kc-css-456754 kc_row\"><div class=\"kc-row-container  kc-container\"><div class=\"kc-wrap-columns\"><div class=\"kc-elm kc-css-895516 kc_col-sm-8 kc_column kc_col-sm-8\"><div class=\"kc-col-container\"><div class=\"sm services-single-section\">\r\n    \t<div class=\"auto-container\">\r\n        \t<div class=\"row clearfix\">\r\n            \t\r\n                <!--Content Column-->\r\n                <div class=\"content-column col-md-12 col-sm-12 col-xs-12\">\r\n                \t<div class=\"inner-column\">\r\n                    \t<h2>Gesti\u00f3n de Continuidad del Negocio<\/h2>\r\n                        <div class=\"text\">Hoy, la continuidad del negocio es el t\u00e9rmino que se usa para referirse a las estrategias y la planificaci\u00f3n mediante las cuales una organizaci\u00f3n se prepara para responder a eventos catastr\u00f3ficos como incendios, inundaciones, ataques cibern\u00e9ticos o errores y accidentes humanos m\u00e1s comunes.<\/div>\r\n                        \r\n                        <!--Two Column-->\r\n                        <div class=\"two-column\">\r\n                            <div class=\"row clearfix\">\r\n                                <!--Image Column-->\r\n                                <div class=\"image-column col-md-6 col-sm-6 col-xs-12\">\r\n                                    <div class=\"image\">\r\n                                        <img decoding=\"async\" src=\"https:\/\/gestionyexcelencia.cl\/wp-content\/uploads\/2022\/08\/Continuidad-0.png\" alt=\"Image\" \/>\r\n                                    <\/div>\r\n                                <\/div>\r\n                                <!--Blocks Column-->\r\n                                <div class=\"services-blocks-column col-md-6 col-sm-6 col-xs-12\">\r\n                                    <div class=\"inner-column\">\r\n                                    \r\n                                    \t\t\t\t\t\t\t\t\t\t\t\r\n\t\t\t\t\t\t\t\t\t\t<!--Service Single Block-->\r\n                                    \t<div class=\"service-single-block\">\r\n                                        \t<div class=\"inner-box\">\r\n                                                <div class=\"icon-box\">\r\n                                                    <span class=\"flaticon-document\"><\/span>\r\n                                                <\/div>\r\n                                                <h3>Norma Certificable<\/h3>\r\n                                                <div class=\"service-text\">El Sistema de Gesti\u00f3n de Continuidad del Negocio (BCMS) pone dicho programa en el contexto de un Sistema de Gesti\u00f3n, e ISO 22301: 2019 establece un est\u00e1ndar certificable para un SGCN.<\/div>\r\n                                            <\/div>\r\n                                        <\/div>\r\n                                        \r\n\t\t\t\t\t\t\t\t\t\t\t\t\t\t\t\t\t\t\t\t\r\n\t\t\t\t\t\t\t\t\t\t<!--Service Single Block-->\r\n                                    \t<div class=\"service-single-block\">\r\n                                        \t<div class=\"inner-box\">\r\n                                                <div class=\"icon-box\">\r\n                                                    <span class=\"flaticon-trophy\"><\/span>\r\n                                                <\/div>\r\n                                                <h3>El primer y m\u00e1s reconocido est\u00e1ndar <\/h3>\r\n                                                <div class=\"service-text\">Es el primer y m\u00e1s reconocido est\u00e1ndar internacional para la continuidad del negocio. Varias otras normas, particularmente BS 25999 han tenido una amplia aceptaci\u00f3n internacional, sin embargo, ahora son reemplazadas en gran medida por ISO 22301.<\/div>\r\n                                            <\/div>\r\n                                        <\/div>\r\n                                        \r\n\t\t\t\t\t\t\t\t\t\t                                    <\/div>\r\n                                <\/div>\r\n                            <\/div>\r\n                        <\/div>\r\n                    <\/div>\r\n                <\/div>\r\n            <\/div>\r\n        <\/div>\r\n    <\/div><div class=\"ps services-single-section\">\n    \t<div class=\"auto-container\">\n        \t<div class=\"row clearfix\">\n            \t\n                <!--Content Column-->\n                <div class=\"content-column col-md-12 col-sm-12 col-xs-12\">\n                \t<div class=\"inner-column\">\n                    \t\n                        <!--Accordian Boxed-->\n                        <div class=\"accordian-boxed\">\n                        \t<h3>Beneficios<\/h3>\n                            \n                            <!--Accordian Box \/ Style Three-->\n                            <ul class=\"accordion-box style-three\">\n\t\t\t\t\t\t\t\n\t\t\t\t\t\t\t\t\t\t\t\t\t\t\t\n                                <!--Block-->\n                                <li class=\"accordion block active-block\">\n                                    <div class=\"acc-btn \"><div class=\"icon-outer\"><span class=\"icon icon-plus flaticon-layers-2\"><\/span><\/div>Capacidad de respuesta a las interrupciones<\/div>\n                                    <div class=\"acc-content \">\n                                        <div class=\"content\">\n                                            <div class=\"accordian-text\">Los beneficios obvios para una organizaci\u00f3n que tiene un programa de continuidad del negocio robusto y maduro se centran en ser capaz de responder a las interrupciones, para que una organizaci\u00f3n permanezca en el negocio y cumpla con sus obligaciones y compromisos con todas las partes interesadas.<\/div>\n                                        <\/div>\n                                    <\/div>\n                                <\/li>\n\t\t\t\t\t\t\t\t\n\t\t\t\t\t\t\t\t                            <\/ul>\n                        <\/div>\n                    <\/div>\n                <\/div>\n            <\/div>\n        <\/div>\n    <\/div><\/div><\/div><div class=\"kc-elm kc-css-401005 kc_col-sm-4 kc_column kc_col-sm-4\"><div class=\"kc-col-container\"><div class=\" services-single-section\">\r\n    \t<div class=\"auto-container\">\r\n        \t<div class=\"row clearfix\">\r\n                <!--Content Column-->\r\n                <div class=\"sidebar-column col-md-12 col-sm-8 col-xs-12\">\r\n                \t<div class=\"inner-column\">\r\n                    \t\r\n                        <!--Service Widget-->\r\n                        <div class=\"sidebar-widget-two service-widget\">\r\n                        \t<div class=\"widget-content\">\r\n                            \t<div class=\"sidebar-title-two\">\r\n                                \t<h2>Nuestros <br>\r\nServicios<\/h2>\r\n                                <\/div>\r\n                                <ul class=\"service-list\">\r\n                                \t<li class=\"active\"><a href=\"https:\/\/gestionyexcelencia.cl\/wp\/?page_id=39\">Gesti\u00f3n de Continuidad del Negocio<\/a><\/li>\r\n                                    \r\n\t\t\t\t\t\t\t\t\t\t\t\t\t\t\t\t\t\t\r\n\t\t\t\t\t\t\t\t\t<li><a href=\"https:\/\/gestionyexcelencia.cl\/?page_id=40\">Gesti\u00f3n de Riesgos\r\n<\/a><\/li>\r\n                                    \r\n\t\t\t\t\t\t\t\t\t\t\t\t\t\t\t\t\t\t\r\n\t\t\t\t\t\t\t\t\t<li><a href=\"https:\/\/gestionyexcelencia.cl\/?page_id=41\">Igualdad de G\u00e9nero\r\n<\/a><\/li>\r\n                                    \r\n\t\t\t\t\t\t\t\t\t\t\t\t\t\t\t\t\t\t\r\n\t\t\t\t\t\t\t\t\t<li><a href=\"https:\/\/gestionyexcelencia.cl\/?page_id=42\">Gesti\u00f3n de Seguridad de la Informaci\u00f3n<\/a><\/li>\r\n                                    \r\n\t\t\t\t\t\t\t\t\t\t\t\t\t\t\t\t\t\t\r\n\t\t\t\t\t\t\t\t\t<li><a href=\"https:\/\/gestionyexcelencia.cl\/?page_id=37\">LEAN Six Sigma\r\n<\/a><\/li>\r\n                                    \r\n\t\t\t\t\t\t\t\t\t\t\t\t\t\t\t\t\t\t\r\n\t\t\t\t\t\t\t\t\t<li><a href=\"https:\/\/gestionyexcelencia.cl\/?page_id=603\">Gesti\u00f3n de Calidad\r\n<\/a><\/li>\r\n                                    \r\n\t\t\t\t\t\t\t\t\t                                <\/ul>\r\n                            <\/div>\r\n                        <\/div>\r\n                        \r\n                        <!--Branches Widget-->\r\n                        <div class=\"sidebar-widget-two branches-widget\">\r\n                        \t<div class=\"widget-content\">\r\n                            \t<div class=\"sidebar-title-two\">\r\n                                \t<h2>Soluciones <br>\r\nen Conjunto<\/h2>\r\n                                <\/div>\r\n                                <ul class=\"branch-list\">\r\n                                \t\r\n\t\t\t\t\t\t\t\t\t\t\t\t\t\t\t\t\t\t\r\n\t\t\t\t\t\t\t\t\t<li><span class=\"icon flaticon-doc\"><\/span><a href=\"#\">Crecimiento del \u00daltimo A\u00f1o<span class=\"mb\">1.25 MB<\/span><\/a><\/li>\r\n\t\t\t\t\t\t\t\t\t\r\n\t\t\t\t\t\t\t\t\t\t\t\t\t\t\t\t\t\t\r\n\t\t\t\t\t\t\t\t\t<li><span class=\"icon flaticon-doc\"><\/span><a href=\"#\">Company Profile\r\n<span class=\"mb\">2.30 MB<\/span><\/a><\/li>\r\n\t\t\t\t\t\t\t\t\t\r\n\t\t\t\t\t\t\t\t\t                                <\/ul>\r\n                            <\/div>\r\n                        <\/div>\r\n                        \r\n                        <!--Meeting Widget-->\r\n                        <div class=\"sidebar-widget-two meeting-widget\">\r\n                        \t<div class=\"widget-content\">\r\n                            \t<div class=\"sidebar-title-two\">\r\n                                \t<h2>Pide tu <br> Presupuesto\r\n<\/h2>\r\n                                <\/div>\r\n                                <div class=\"image\">\r\n                                \t<img decoding=\"async\" src=\"https:\/\/gestionyexcelencia.cl\/wp\/wp-content\/uploads\/2022\/08\/conocenos.png\" alt=\"Image\" \/>\r\n                                    <div class=\"overlay-box\">\r\n                                    \t<h2> <br> <span class=\"theme_color\"><\/h2>\r\n                                        <a href=\"#\" class=\"meet\"><\/a>\r\n                                    <\/div>\r\n                                <\/div>\r\n                            <\/div>\r\n                        <\/div>\r\n                        \r\n                        <!--Hours Widget-->\r\n                        <div class=\"sidebar-widget-two hours-widget\">\r\n                        \t<div class=\"widget-content\">\r\n                            \t<div class=\"sidebar-title-two\">\r\n                                \t<h2>Horario <br>\r\nAtenci\u00f3n<\/h2>\r\n                                <\/div>\r\n                                <ul class=\"hours-time-list\">\r\n                                \t<li class=\"clearfix\">Lunes - Viernes <span>9.00 - 18.00<\/span><\/li>\r\n                                    <li class=\"clearfix\"><\/li>\r\n                                    <li class=\"clearfix\"> <span class=\"theme_color\"><\/span><\/li>\r\n                                <\/ul>\r\n                                <div class=\"phone-number\">F: 562 22442533<\/div>\r\n                            <\/div>\r\n                        <\/div>\r\n                        \r\n                    <\/div>\r\n                <\/div>\r\n                \r\n            <\/div>\r\n        <\/div>\r\n    <\/div><\/div><\/div><\/div><\/div><\/section>\n","protected":false},"excerpt":{"rendered":"","protected":false},"author":3,"featured_media":0,"parent":0,"menu_order":0,"comment_status":"closed","ping_status":"closed","template":"tpl-king-composer.php","meta":{"footnotes":""},"class_list":["post-39","page","type-page","status-publish","hentry"],"_links":{"self":[{"href":"https:\/\/gestionyexcelencia.cl\/index.php?rest_route=\/wp\/v2\/pages\/39","targetHints":{"allow":["GET"]}}],"collection":[{"href":"https:\/\/gestionyexcelencia.cl\/index.php?rest_route=\/wp\/v2\/pages"}],"about":[{"href":"https:\/\/gestionyexcelencia.cl\/index.php?rest_route=\/wp\/v2\/types\/page"}],"author":[{"embeddable":true,"href":"https:\/\/gestionyexcelencia.cl\/index.php?rest_route=\/wp\/v2\/users\/3"}],"replies":[{"embeddable":true,"href":"https:\/\/gestionyexcelencia.cl\/index.php?rest_route=%2Fwp%2Fv2%2Fcomments&post=39"}],"version-history":[{"count":15,"href":"https:\/\/gestionyexcelencia.cl\/index.php?rest_route=\/wp\/v2\/pages\/39\/revisions"}],"predecessor-version":[{"id":1767,"href":"https:\/\/gestionyexcelencia.cl\/index.php?rest_route=\/wp\/v2\/pages\/39\/revisions\/1767"}],"wp:attachment":[{"href":"https:\/\/gestionyexcelencia.cl\/index.php?rest_route=%2Fwp%2Fv2%2Fmedia&parent=39"}],"curies":[{"name":"wp","href":"https:\/\/api.w.org\/{rel}","templated":true}]}}