{"id":41,"date":"2018-08-16T04:36:46","date_gmt":"2018-08-16T04:36:46","guid":{"rendered":"http:\/\/localhost\/ikon\/?page_id=41"},"modified":"2022-08-28T01:07:57","modified_gmt":"2022-08-28T01:07:57","slug":"quality-resourcing","status":"publish","type":"page","link":"https:\/\/gestionyexcelencia.cl\/?page_id=41","title":{"rendered":"Igualdad de G\u00e9nero"},"content":{"rendered":"<section class=\"kc-elm kc-css-569778 kc_row\"><div class=\"kc-row-container  kc-container\"><div class=\"kc-wrap-columns\"><div class=\"kc-elm kc-css-435384 kc_col-sm-8 kc_column kc_col-sm-8\"><div class=\"kc-col-container\"><div class=\"sm services-single-section\">\r\n    \t<div class=\"auto-container\">\r\n        \t<div class=\"row clearfix\">\r\n            \t\r\n                <!--Content Column-->\r\n                <div class=\"content-column col-md-12 col-sm-12 col-xs-12\">\r\n                \t<div class=\"inner-column\">\r\n                    \t<h2>Igualdad de G\u00e9nero<\/h2>\r\n                        <div class=\"text\">Dise\u00f1o, implementaci\u00f3n, mantenimiento y mejora de Sistemas de Gesti\u00f3n de la Igualdad\r\nde G\u00e9nero y Conciliaci\u00f3n de la Vida Laboral, Familiar y Personal (SGIGyC), conforme a la\r\nnorma NCh 3262.<\/div>\r\n                        \r\n                        <!--Two Column-->\r\n                        <div class=\"two-column\">\r\n                            <div class=\"row clearfix\">\r\n                                <!--Image Column-->\r\n                                <div class=\"image-column col-md-6 col-sm-6 col-xs-12\">\r\n                                    <div class=\"image\">\r\n                                        <img decoding=\"async\" src=\"https:\/\/gestionyexcelencia.cl\/wp-content\/uploads\/2022\/08\/igualdad_genero_0-1.png\" alt=\"Image\" \/>\r\n                                    <\/div>\r\n                                <\/div>\r\n                                <!--Blocks Column-->\r\n                                <div class=\"services-blocks-column col-md-6 col-sm-6 col-xs-12\">\r\n                                    <div class=\"inner-column\">\r\n                                    \r\n                                    \t\t\t\t\t\t\t\t\t\t\t\r\n\t\t\t\t\t\t\t\t\t\t<!--Service Single Block-->\r\n                                    \t<div class=\"service-single-block\">\r\n                                        \t<div class=\"inner-box\">\r\n                                                <div class=\"icon-box\">\r\n                                                    <span class=\"flaticon-image\"><\/span>\r\n                                                <\/div>\r\n                                                <h3>Norma Certificable<\/h3>\r\n                                                <div class=\"service-text\">La norma NCh3262:2021 establece los requisitos para la implementaci\u00f3n, operaci\u00f3n,\r\nmantenimiento y mejora de un SGIGyC utilizable por organizaciones de cualquier tipo y\r\ntama\u00f1o que deseen adoptar estrategias que le permitan crear condiciones la igualdad de\r\noportunidades de sus trabajadoras y trabajadores,.<\/div>\r\n                                            <\/div>\r\n                                        <\/div>\r\n                                        \r\n\t\t\t\t\t\t\t\t\t\t                                    <\/div>\r\n                                <\/div>\r\n                            <\/div>\r\n                        <\/div>\r\n                    <\/div>\r\n                <\/div>\r\n            <\/div>\r\n        <\/div>\r\n    <\/div><div class=\" services-single-section\">\r\n    \t<div class=\"auto-container\">\r\n        \t<div class=\"row clearfix\">\r\n            \t\r\n                <!--Content Column-->\r\n                <div class=\"content-column col-md-12 col-sm-12 col-xs-12\">\r\n                \t<div class=\"inner-column\">\r\n                    \t<h2>Concepto de g\u00e9nero<\/h2>\r\n                        <div class=\"text\">El concepto de g\u00e9nero es una construcci\u00f3n social que se refiere a los roles, comportamientos, actividades, y atributos que una sociedad determinada en una \u00e9poca determinada considera apropiados para hombres y mujeres.<\/div>\r\n                        \r\n                        <!--Two Column-->\r\n                        <div class=\"two-column\">\r\n                            <div class=\"row clearfix\">\r\n                                <!--Image Column-->\r\n                                <div class=\"image-column col-md-6 col-sm-6 col-xs-12\">\r\n                                    <div class=\"image\">\r\n                                        <img decoding=\"async\" src=\"https:\/\/gestionyexcelencia.cl\/wp-content\/uploads\/2022\/08\/igualdad_genero_01.png\" alt=\"Image\" \/>\r\n                                    <\/div>\r\n                                <\/div>\r\n                                <!--Blocks Column-->\r\n                                <div class=\"services-blocks-column col-md-6 col-sm-6 col-xs-12\">\r\n                                    <div class=\"inner-column\">\r\n                                    \r\n                                    \t\t\t\t\t\t\t\t\t\t\t\r\n\t\t\t\t\t\t\t\t\t\t<!--Service Single Block-->\r\n                                    \t<div class=\"service-single-block\">\r\n                                        \t<div class=\"inner-box\">\r\n                                                <div class=\"icon-box\">\r\n                                                    <span class=\"flaticon-target\"><\/span>\r\n                                                <\/div>\r\n                                                <h3>Decisi\u00f3n Estrat\u00e9gica<\/h3>\r\n                                                <div class=\"service-text\">La decisi\u00f3n de implementar el Sistema de Gesti\u00f3n de la Igualdad de G\u00e9nero y\r\nConciliaci\u00f3n de la Vida Laboral, Familiar y Personal (SGIGyC), deber\u00eda ser una\r\ndecisi\u00f3n estrat\u00e9gica de la organizaci\u00f3n con el objetivo de, responder a los desaf\u00edos\r\nque plantean los cambios sociales, entre otros, cambios demogr\u00e1ficos, modos de vida y mentalidades; abordar los aspectos relativos a la responsabilidad social, y\r\nresponder a los cambios en relaci\u00f3n con los aspectos legales en materias de\r\nderechos humanos e igualdad de g\u00e9nero y conciliaci\u00f3n.<\/div>\r\n                                            <\/div>\r\n                                        <\/div>\r\n                                        \r\n\t\t\t\t\t\t\t\t\t\t\t\t\t\t\t\t\t\t\t\t\r\n\t\t\t\t\t\t\t\t\t\t<!--Service Single Block-->\r\n                                    \t<div class=\"service-single-block\">\r\n                                        \t<div class=\"inner-box\">\r\n                                                <div class=\"icon-box\">\r\n                                                    <span class=\"flaticon-like\"><\/span>\r\n                                                <\/div>\r\n                                                <h3>Compromiso<\/h3>\r\n                                                <div class=\"service-text\">Las organizaciones que se comprometen con la igualdad de g\u00e9nero, apoyan el desarrollo de carrera de sus trabajadoras y trabajadores, aseguran un igual acceso a la formaci\u00f3n y capacitaci\u00f3n, sin que existan discriminaciones de ning\u00fan tipo.<\/div>\r\n                                            <\/div>\r\n                                        <\/div>\r\n                                        \r\n\t\t\t\t\t\t\t\t\t\t                                    <\/div>\r\n                                <\/div>\r\n                            <\/div>\r\n                        <\/div>\r\n                    <\/div>\r\n                <\/div>\r\n            <\/div>\r\n        <\/div>\r\n    <\/div><div class=\" services-single-section\">\r\n    \t<div class=\"auto-container\">\r\n        \t<div class=\"row clearfix\">\r\n            \t\r\n                <!--Content Column-->\r\n                <div class=\"content-column col-md-12 col-sm-12 col-xs-12\">\r\n                \t<div class=\"inner-column\">\r\n                    \t<h2>La implementaci\u00f3n del SGIGyC<\/h2>\r\n                        <div class=\"text\">incluye entre otras las actividades siguientes:.<\/div>\r\n                        \r\n                        <!--Two Column-->\r\n                        <div class=\"two-column\">\r\n                            <div class=\"row clearfix\">\r\n                                <!--Image Column-->\r\n                                <div class=\"image-column col-md-6 col-sm-6 col-xs-12\">\r\n                                    <div class=\"image\">\r\n                                        <img decoding=\"async\" src=\"https:\/\/gestionyexcelencia.cl\/wp-content\/uploads\/2022\/08\/igualdad_genero_2.png\" alt=\"Image\" \/>\r\n                                    <\/div>\r\n                                <\/div>\r\n                                <!--Blocks Column-->\r\n                                <div class=\"services-blocks-column col-md-6 col-sm-6 col-xs-12\">\r\n                                    <div class=\"inner-column\">\r\n                                    \r\n                                    \t\t\t\t\t\t\t\t\t\t\t\r\n\t\t\t\t\t\t\t\t\t\t<!--Service Single Block-->\r\n                                    \t<div class=\"service-single-block\">\r\n                                        \t<div class=\"inner-box\">\r\n                                                <div class=\"icon-box\">\r\n                                                    <span class=\"flaticon-edit-1\"><\/span>\r\n                                                <\/div>\r\n                                                <h3>Diagn\u00f3stico<\/h3>\r\n                                                <div class=\"service-text\">Realizar un Diagnostico al interior de la organizaci\u00f3n para identificar las brechas de g\u00e9nero y las brechas en relaci\u00f3n con los requisitos de la norma\r\nNCh3262.<\/div>\r\n                                            <\/div>\r\n                                        <\/div>\r\n                                        \r\n\t\t\t\t\t\t\t\t\t\t\t\t\t\t\t\t\t\t\t\t\r\n\t\t\t\t\t\t\t\t\t\t<!--Service Single Block-->\r\n                                    \t<div class=\"service-single-block\">\r\n                                        \t<div class=\"inner-box\">\r\n                                                <div class=\"icon-box\">\r\n                                                    <span class=\"flaticon-note-1\"><\/span>\r\n                                                <\/div>\r\n                                                <h3>Revisi\u00f3n de Procesos<\/h3>\r\n                                                <div class=\"service-text\">Hacer una revisi\u00f3n de los procesos de gesti\u00f3n de personas en la organizaci\u00f3n para incorporar la perspectiva de g\u00e9nero en los mismos.<\/div>\r\n                                            <\/div>\r\n                                        <\/div>\r\n                                        \r\n\t\t\t\t\t\t\t\t\t\t\t\t\t\t\t\t\t\t\t\t\r\n\t\t\t\t\t\t\t\t\t\t<!--Service Single Block-->\r\n                                    \t<div class=\"service-single-block\">\r\n                                        \t<div class=\"inner-box\">\r\n                                                <div class=\"icon-box\">\r\n                                                    <span class=\"sl-size-fullscreen\"><\/span>\r\n                                                <\/div>\r\n                                                <h3>Transversalizar el enfoque de g\u00e9nero<\/h3>\r\n                                                <div class=\"service-text\"><\/div>\r\n                                            <\/div>\r\n                                        <\/div>\r\n                                        \r\n\t\t\t\t\t\t\t\t\t\t\t\t\t\t\t\t\t\t\t\t\r\n\t\t\t\t\t\t\t\t\t\t<!--Service Single Block-->\r\n                                    \t<div class=\"service-single-block\">\r\n                                        \t<div class=\"inner-box\">\r\n                                                <div class=\"icon-box\">\r\n                                                    <span class=\"flaticon-plus-symbol\"><\/span>\r\n                                                <\/div>\r\n                                                <h3>Adoptar Acciones Positivas<\/h3>\r\n                                                <div class=\"service-text\">Adoptar en los casos necesarios acciones positivas, entendidas como acciones de car\u00e1cter temporal encaminadas a disminuir y eliminar las\r\ndiferencias de trato social entre los g\u00e9nero<\/div>\r\n                                            <\/div>\r\n                                        <\/div>\r\n                                        \r\n\t\t\t\t\t\t\t\t\t\t\t\t\t\t\t\t\t\t\t\t\r\n\t\t\t\t\t\t\t\t\t\t<!--Service Single Block-->\r\n                                    \t<div class=\"service-single-block\">\r\n                                        \t<div class=\"inner-box\">\r\n                                                <div class=\"icon-box\">\r\n                                                    <span class=\"flaticon-favorite\"><\/span>\r\n                                                <\/div>\r\n                                                <h3>Medidas de Conciliaci\u00f3n<\/h3>\r\n                                                <div class=\"service-text\">Dise\u00f1ar y establecer medidas de conciliaci\u00f3n de la vida laboral, familiar y personal en la l\u00f3gica de la corresponsabilidad<\/div>\r\n                                            <\/div>\r\n                                        <\/div>\r\n                                        \r\n\t\t\t\t\t\t\t\t\t\t\t\t\t\t\t\t\t\t\t\t\r\n\t\t\t\t\t\t\t\t\t\t<!--Service Single Block-->\r\n                                    \t<div class=\"service-single-block\">\r\n                                        \t<div class=\"inner-box\">\r\n                                                <div class=\"icon-box\">\r\n                                                    <span class=\"flaticon-certificate-1\"><\/span>\r\n                                                <\/div>\r\n                                                <h3>Seguimiento<\/h3>\r\n                                                <div class=\"service-text\">Realizar el seguimiento, medici\u00f3n y mejora de los procesos del SGIGyC.<\/div>\r\n                                            <\/div>\r\n                                        <\/div>\r\n                                        \r\n\t\t\t\t\t\t\t\t\t\t                                    <\/div>\r\n                                <\/div>\r\n                            <\/div>\r\n                        <\/div>\r\n                    <\/div>\r\n                <\/div>\r\n            <\/div>\r\n        <\/div>\r\n    <\/div><div class=\" services-single-section\">\n    \t<div class=\"auto-container\">\n        \t<div class=\"row clearfix\">\n            \t\n                <!--Content Column-->\n                <div class=\"content-column col-md-12 col-sm-12 col-xs-12\">\n                \t<div class=\"inner-column\">\n                    \t\n                        <!--Accordian Boxed-->\n                        <div class=\"accordian-boxed\">\n                        \t<h3>Beneficios de la implementaci\u00f3n del SGIGyC<\/h3>\n                            \n                            <!--Accordian Box \/ Style Three-->\n                            <ul class=\"accordion-box style-three\">\n\t\t\t\t\t\t\t\n\t\t\t\t\t\t\t\t\t\t\t\t\t\t\t\n                                <!--Block-->\n                                <li class=\"accordion block active-block\">\n                                    <div class=\"acc-btn \"><div class=\"icon-outer\"><span class=\"icon icon-plus flaticon-success\"><\/span><\/div>Reducir o Eliminar Brechas<\/div>\n                                    <div class=\"acc-content \">\n                                        <div class=\"content\">\n                                            <div class=\"accordian-text\">Reducir o eliminar las brechas de g\u00e9nero en la organizaci\u00f3n<\/div>\n                                        <\/div>\n                                    <\/div>\n                                <\/li>\n\t\t\t\t\t\t\t\t\n\t\t\t\t\t\t\t\t\t\t\t\t\t\t\t\n                                <!--Block-->\n                                <li class=\"accordion block active-block\">\n                                    <div class=\"acc-btn active\"><div class=\"icon-outer\"><span class=\"icon icon-plus flaticon-arrows-8\"><\/span><\/div>Atraer, Desarrollar y Retener<\/div>\n                                    <div class=\"acc-content current\">\n                                        <div class=\"content\">\n                                            <div class=\"accordian-text\">Mejorar la capacidad de la organizaci\u00f3n para atraer, desarrollar y retener a las personas que trabajan en la organizaci\u00f3n, en un marco de igualdad de\r\ng\u00e9nero;<\/div>\n                                        <\/div>\n                                    <\/div>\n                                <\/li>\n\t\t\t\t\t\t\t\t\n\t\t\t\t\t\t\t\t\t\t\t\t\t\t\t\n                                <!--Block-->\n                                <li class=\"accordion block active-block\">\n                                    <div class=\"acc-btn \"><div class=\"icon-outer\"><span class=\"icon icon-plus et-linegraph\"><\/span><\/div>Desempe\u00f1o y Motivaci\u00f3n<\/div>\n                                    <div class=\"acc-content \">\n                                        <div class=\"content\">\n                                            <div class=\"accordian-text\">Mejorar el desempe\u00f1o y motivaci\u00f3n de las personas de la organizaci\u00f3n, creando condiciones para la mejora del clima organizacional y la\r\nproductividad.<\/div>\n                                        <\/div>\n                                    <\/div>\n                                <\/li>\n\t\t\t\t\t\t\t\t\n\t\t\t\t\t\t\t\t\t\t\t\t\t\t\t\n                                <!--Block-->\n                                <li class=\"accordion block active-block\">\n                                    <div class=\"acc-btn \"><div class=\"icon-outer\"><span class=\"icon icon-plus flaticon-target-1\"><\/span><\/div>Posicionamiento<\/div>\n                                    <div class=\"acc-content \">\n                                        <div class=\"content\">\n                                            <div class=\"accordian-text\">Crear y mantener una posici\u00f3n de vanguardia, innovaci\u00f3n y referencia en su sector econ\u00f3mico.<\/div>\n                                        <\/div>\n                                    <\/div>\n                                <\/li>\n\t\t\t\t\t\t\t\t\n\t\t\t\t\t\t\t\t\t\t\t\t\t\t\t\n                                <!--Block-->\n                                <li class=\"accordion block active-block\">\n                                    <div class=\"acc-btn \"><div class=\"icon-outer\"><span class=\"icon icon-plus sl-diamond\"><\/span><\/div>Crear Valor<\/div>\n                                    <div class=\"acc-content \">\n                                        <div class=\"content\">\n                                            <div class=\"accordian-text\">Crear valor a partir de los resultados de la integraci\u00f3n de g\u00e9neros en sus equipos de trabajo modificando la cultura organizacional.<\/div>\n                                        <\/div>\n                                    <\/div>\n                                <\/li>\n\t\t\t\t\t\t\t\t\n\t\t\t\t\t\t\t\t                            <\/ul>\n                        <\/div>\n                    <\/div>\n                <\/div>\n            <\/div>\n        <\/div>\n    <\/div><\/div><\/div><div class=\"kc-elm kc-css-174188 kc_col-sm-4 kc_column kc_col-sm-4\"><div class=\"kc-col-container\"><div class=\" services-single-section\">\r\n    \t<div class=\"auto-container\">\r\n        \t<div class=\"row clearfix\">\r\n                <!--Content Column-->\r\n                <div class=\"sidebar-column col-md-12 col-sm-8 col-xs-12\">\r\n                \t<div class=\"inner-column\">\r\n                    \t\r\n                        <!--Service Widget-->\r\n                        <div class=\"sidebar-widget-two service-widget\">\r\n                        \t<div class=\"widget-content\">\r\n                            \t<div class=\"sidebar-title-two\">\r\n                                \t<h2>Nuestros <br>\r\nServicios<\/h2>\r\n                                <\/div>\r\n                                <ul class=\"service-list\">\r\n                                \t<li class=\"active\"><a href=\"https:\/\/gestionyexcelencia.cl\/wp\/?page_id=41\">Igualdad de G\u00e9nero<\/a><\/li>\r\n                                    \r\n\t\t\t\t\t\t\t\t\t\t\t\t\t\t\t\t\t\t\r\n\t\t\t\t\t\t\t\t\t<li><a href=\"https:\/\/gestionyexcelencia.cl\/?page_id=42\">Gesti\u00f3n de Seguridad de la Informaci\u00f3n\r\n<\/a><\/li>\r\n                                    \r\n\t\t\t\t\t\t\t\t\t\t\t\t\t\t\t\t\t\t\r\n\t\t\t\t\t\t\t\t\t<li><a href=\"https:\/\/gestionyexcelencia.cl\/?page_id=37\">LEAN Six Sigma<\/a><\/li>\r\n                                    \r\n\t\t\t\t\t\t\t\t\t\t\t\t\t\t\t\t\t\t\r\n\t\t\t\t\t\t\t\t\t<li><a href=\"https:\/\/gestionyexcelencia.cl\/?page_id=603\">Gesti\u00f3n de Calidad\r\n<\/a><\/li>\r\n                                    \r\n\t\t\t\t\t\t\t\t\t\t\t\t\t\t\t\t\t\t\r\n\t\t\t\t\t\t\t\t\t<li><a href=\"https:\/\/gestionyexcelencia.cl\/?page_id=39\">Gesti\u00f3n de Continuidad del Negocio\r\n<\/a><\/li>\r\n                                    \r\n\t\t\t\t\t\t\t\t\t\t\t\t\t\t\t\t\t\t\r\n\t\t\t\t\t\t\t\t\t<li><a href=\"https:\/\/gestionyexcelencia.cl\/?page_id=40\">Gesti\u00f3n de Riesgos\r\n<\/a><\/li>\r\n                                    \r\n\t\t\t\t\t\t\t\t\t                                <\/ul>\r\n                            <\/div>\r\n                        <\/div>\r\n                        \r\n                        <!--Branches Widget-->\r\n                        <div class=\"sidebar-widget-two branches-widget\">\r\n                        \t<div class=\"widget-content\">\r\n                            \t<div class=\"sidebar-title-two\">\r\n                                \t<h2>Soluciones <br>\r\nen Conjunto<\/h2>\r\n                                <\/div>\r\n                                <ul class=\"branch-list\">\r\n                                \t\r\n\t\t\t\t\t\t\t\t\t                                <\/ul>\r\n                            <\/div>\r\n                        <\/div>\r\n                        \r\n                        <!--Meeting Widget-->\r\n                        <div class=\"sidebar-widget-two meeting-widget\">\r\n                        \t<div class=\"widget-content\">\r\n                            \t<div class=\"sidebar-title-two\">\r\n                                \t<h2>Pide tu <br> Presupuesto\r\n<\/h2>\r\n                                <\/div>\r\n                                <div class=\"image\">\r\n                                \t<img decoding=\"async\" src=\"https:\/\/gestionyexcelencia.cl\/wp-content\/uploads\/2022\/08\/conocenos.png\" alt=\"Image\" \/>\r\n                                    <div class=\"overlay-box\">\r\n                                    \t<h2> <br> <span class=\"theme_color\"><\/h2>\r\n                                        <a href=\"#\" class=\"meet\"><\/a>\r\n                                    <\/div>\r\n                                <\/div>\r\n                            <\/div>\r\n                        <\/div>\r\n                        \r\n                        <!--Hours Widget-->\r\n                        <div class=\"sidebar-widget-two hours-widget\">\r\n                        \t<div class=\"widget-content\">\r\n                            \t<div class=\"sidebar-title-two\">\r\n                                \t<h2>Horario <br>\r\nAtenci\u00f3n<\/h2>\r\n                                <\/div>\r\n                                <ul class=\"hours-time-list\">\r\n                                \t<li class=\"clearfix\">Lunes - Viernes <span>9.00 - 18.00<\/span><\/li>\r\n                                    <li class=\"clearfix\"><\/li>\r\n                                    <li class=\"clearfix\"> <span class=\"theme_color\"><\/span><\/li>\r\n                                <\/ul>\r\n                                <div class=\"phone-number\">F: 562 22442533<\/div>\r\n                            <\/div>\r\n                        <\/div>\r\n                        \r\n                    <\/div>\r\n                <\/div>\r\n                \r\n            <\/div>\r\n        <\/div>\r\n    <\/div><\/div><\/div><\/div><\/div><\/section>\n","protected":false},"excerpt":{"rendered":"","protected":false},"author":3,"featured_media":0,"parent":0,"menu_order":0,"comment_status":"closed","ping_status":"closed","template":"tpl-king-composer.php","meta":{"footnotes":""},"class_list":["post-41","page","type-page","status-publish","hentry"],"_links":{"self":[{"href":"https:\/\/gestionyexcelencia.cl\/index.php?rest_route=\/wp\/v2\/pages\/41","targetHints":{"allow":["GET"]}}],"collection":[{"href":"https:\/\/gestionyexcelencia.cl\/index.php?rest_route=\/wp\/v2\/pages"}],"about":[{"href":"https:\/\/gestionyexcelencia.cl\/index.php?rest_route=\/wp\/v2\/types\/page"}],"author":[{"embeddable":true,"href":"https:\/\/gestionyexcelencia.cl\/index.php?rest_route=\/wp\/v2\/users\/3"}],"replies":[{"embeddable":true,"href":"https:\/\/gestionyexcelencia.cl\/index.php?rest_route=%2Fwp%2Fv2%2Fcomments&post=41"}],"version-history":[{"count":35,"href":"https:\/\/gestionyexcelencia.cl\/index.php?rest_route=\/wp\/v2\/pages\/41\/revisions"}],"predecessor-version":[{"id":1776,"href":"https:\/\/gestionyexcelencia.cl\/index.php?rest_route=\/wp\/v2\/pages\/41\/revisions\/1776"}],"wp:attachment":[{"href":"https:\/\/gestionyexcelencia.cl\/index.php?rest_route=%2Fwp%2Fv2%2Fmedia&parent=41"}],"curies":[{"name":"wp","href":"https:\/\/api.w.org\/{rel}","templated":true}]}}