{"id":603,"date":"2018-08-28T02:51:23","date_gmt":"2018-08-28T02:51:23","guid":{"rendered":"http:\/\/localhost\/ikon\/?page_id=603"},"modified":"2022-08-28T01:06:51","modified_gmt":"2022-08-28T01:06:51","slug":"software-hi-tech-2","status":"publish","type":"page","link":"https:\/\/gestionyexcelencia.cl\/?page_id=603","title":{"rendered":"Gesti\u00f3n de Calidad"},"content":{"rendered":"<section class=\"kc-elm kc-css-590182 kc_row\"><div class=\"kc-row-container  kc-container\"><div class=\"kc-wrap-columns\"><div class=\"kc-elm kc-css-871807 kc_col-sm-8 kc_column kc_col-sm-8\"><div class=\"kc-col-container\"><div class=\"sm services-single-section\">\r\n    \t<div class=\"auto-container\">\r\n        \t<div class=\"row clearfix\">\r\n            \t\r\n                <!--Content Column-->\r\n                <div class=\"content-column col-md-12 col-sm-12 col-xs-12\">\r\n                \t<div class=\"inner-column\">\r\n                    \t<h2>Gesti\u00f3n de Calidad<\/h2>\r\n                        <div class=\"text\">La norma ISO 9001 establece los requisitos para el Sistema de Gesti\u00f3n de Calidad\r\n(SGC), y ayuda las organizaciones a desarrollar un sistema adecuado para satisfacer los\r\nrequisitos de calidad de los clientes, y los legales y reglamentarios aplicables; al tiempo que se mejoran continuamente los procesos operativos. Dado que el est\u00e1ndar no es espec\u00edfico a una industria, puede ser utilizado por cualquier organizaci\u00f3n que proporcione un producto o servicio.<\/div>\r\n                        \r\n                        <!--Two Column-->\r\n                        <div class=\"two-column\">\r\n                            <div class=\"row clearfix\">\r\n                                <!--Image Column-->\r\n                                <div class=\"image-column col-md-6 col-sm-6 col-xs-12\">\r\n                                    <div class=\"image\">\r\n                                        <img decoding=\"async\" src=\"https:\/\/gestionyexcelencia.cl\/wp-content\/uploads\/2022\/08\/Gestion.png\" alt=\"Image\" \/>\r\n                                    <\/div>\r\n                                <\/div>\r\n                                <!--Blocks Column-->\r\n                                <div class=\"services-blocks-column col-md-6 col-sm-6 col-xs-12\">\r\n                                    <div class=\"inner-column\">\r\n                                    \r\n                                    \t\t\t\t\t\t\t\t\t\t\t\r\n\t\t\t\t\t\t\t\t\t\t<!--Service Single Block-->\r\n                                    \t<div class=\"service-single-block\">\r\n                                        \t<div class=\"inner-box\">\r\n                                                <div class=\"icon-box\">\r\n                                                    <span class=\"flaticon-line-chart\"><\/span>\r\n                                                <\/div>\r\n                                                <h3>Resultados<\/h3>\r\n                                                <div class=\"service-text\">El resultado del uso de ISO 9001, son plazos de entrega m\u00e1s cortos, alta confiabilidad en la entrega, y el logro de una alta calidad constante de servicios y productos, beneficiando tanto a los clientes como al negocio.<\/div>\r\n                                            <\/div>\r\n                                        <\/div>\r\n                                        \r\n\t\t\t\t\t\t\t\t\t\t\t\t\t\t\t\t\t\t\t\t\r\n\t\t\t\t\t\t\t\t\t\t<!--Service Single Block-->\r\n                                    \t<div class=\"service-single-block\">\r\n                                        \t<div class=\"inner-box\">\r\n                                                <div class=\"icon-box\">\r\n                                                    <span class=\"flaticon-target\"><\/span>\r\n                                                <\/div>\r\n                                                <h3>Eficiencia<\/h3>\r\n                                                <div class=\"service-text\">El cumplimiento de la norma ISO 9001 ayudar\u00e1 a desarrollar y optimizar procedimientos y procesos en las operaciones. Podr\u00e1n dedicarse recursos en lo que es importante, y ahorrar tiempo y dinero, haciendo a la organizaci\u00f3n m\u00e1s competitiva y mejor equipada para enfrentar los desaf\u00edos futuros. <\/div>\r\n                                            <\/div>\r\n                                        <\/div>\r\n                                        \r\n\t\t\t\t\t\t\t\t\t\t                                    <\/div>\r\n                                <\/div>\r\n                            <\/div>\r\n                        <\/div>\r\n                    <\/div>\r\n                <\/div>\r\n            <\/div>\r\n        <\/div>\r\n    <\/div><div class=\"ps services-single-section\">\n    \t<div class=\"auto-container\">\n        \t<div class=\"row clearfix\">\n            \t\n                <!--Content Column-->\n                <div class=\"content-column col-md-12 col-sm-12 col-xs-12\">\n                \t<div class=\"inner-column\">\n                    \t\n                        <!--Accordian Boxed-->\n                        <div class=\"accordian-boxed\">\n                        \t<h3>Beneficios ISO 9001<\/h3>\n                            \n                            <!--Accordian Box \/ Style Three-->\n                            <ul class=\"accordion-box style-three\">\n\t\t\t\t\t\t\t\n\t\t\t\t\t\t\t\t\t\t\t\t\t\t\t\n                                <!--Block-->\n                                <li class=\"accordion block active-block\">\n                                    <div class=\"acc-btn \"><div class=\"icon-outer\"><span class=\"icon icon-plus flaticon-certificate-1\"><\/span><\/div>Mayor Confianza, Mayor Competitividad<\/div>\n                                    <div class=\"acc-content \">\n                                        <div class=\"content\">\n                                            <div class=\"accordian-text\">As\u00ed se trate de una peque\u00f1a organizaci\u00f3n o una organizaci\u00f3n de mayor tama\u00f1o, la certificaci\u00f3n ISO 9001 env\u00eda un mensaje claro donde quiera que se pueda hacer negocios. La certificaci\u00f3n aumenta la confianza en la organizaci\u00f3n, mejorando la\r\ncompetitividad en todos los mercados.<\/div>\n                                        <\/div>\n                                    <\/div>\n                                <\/li>\n\t\t\t\t\t\t\t\t\n\t\t\t\t\t\t\t\t                            <\/ul>\n                        <\/div>\n                    <\/div>\n                <\/div>\n            <\/div>\n        <\/div>\n    <\/div><\/div><\/div><div class=\"kc-elm kc-css-885718 kc_col-sm-4 kc_column kc_col-sm-4\"><div class=\"kc-col-container\"><div class=\" services-single-section\">\r\n    \t<div class=\"auto-container\">\r\n        \t<div class=\"row clearfix\">\r\n                <!--Content Column-->\r\n                <div class=\"sidebar-column col-md-12 col-sm-8 col-xs-12\">\r\n                \t<div class=\"inner-column\">\r\n                    \t\r\n                        <!--Service Widget-->\r\n                        <div class=\"sidebar-widget-two service-widget\">\r\n                        \t<div class=\"widget-content\">\r\n                            \t<div class=\"sidebar-title-two\">\r\n                                \t<h2>Nuestros <br>\r\nServicios<\/h2>\r\n                                <\/div>\r\n                                <ul class=\"service-list\">\r\n                                \t<li class=\"active\"><a href=\"https:\/\/gestionyexcelencia.cl\/wp\/?page_id=603\">Gesti\u00f3n de Calidad<\/a><\/li>\r\n                                    \r\n\t\t\t\t\t\t\t\t\t\t\t\t\t\t\t\t\t\t\r\n\t\t\t\t\t\t\t\t\t<li><a href=\"https:\/\/gestionyexcelencia.cl\/?page_id=39\">Gesti\u00f3n de Continuidad del Negocio\r\n<\/a><\/li>\r\n                                    \r\n\t\t\t\t\t\t\t\t\t\t\t\t\t\t\t\t\t\t\r\n\t\t\t\t\t\t\t\t\t<li><a href=\"https:\/\/gestionyexcelencia.cl\/?page_id=40\">Gesti\u00f3n de Riesgos\r\n<\/a><\/li>\r\n                                    \r\n\t\t\t\t\t\t\t\t\t\t\t\t\t\t\t\t\t\t\r\n\t\t\t\t\t\t\t\t\t<li><a href=\"https:\/\/gestionyexcelencia.cl\/?page_id=41\">Igualdad de G\u00e9nero\r\n<\/a><\/li>\r\n                                    \r\n\t\t\t\t\t\t\t\t\t\t\t\t\t\t\t\t\t\t\r\n\t\t\t\t\t\t\t\t\t<li><a href=\"https:\/\/gestionyexcelencia.cl\/?page_id=42\">Gesti\u00f3n de Seguridad de la Informaci\u00f3n\r\n<\/a><\/li>\r\n                                    \r\n\t\t\t\t\t\t\t\t\t\t\t\t\t\t\t\t\t\t\r\n\t\t\t\t\t\t\t\t\t<li><a href=\"https:\/\/gestionyexcelencia.cl\/?page_id=37\">LEAN Six Sigma<\/a><\/li>\r\n                                    \r\n\t\t\t\t\t\t\t\t\t                                <\/ul>\r\n                            <\/div>\r\n                        <\/div>\r\n                        \r\n                        <!--Branches Widget-->\r\n                        <div class=\"sidebar-widget-two branches-widget\">\r\n                        \t<div class=\"widget-content\">\r\n                            \t<div class=\"sidebar-title-two\">\r\n                                \t<h2>Soluciones <br>\r\nen Conjunto<\/h2>\r\n                                <\/div>\r\n                                <ul class=\"branch-list\">\r\n                                \t\r\n\t\t\t\t\t\t\t\t\t                                <\/ul>\r\n                            <\/div>\r\n                        <\/div>\r\n                        \r\n                        <!--Meeting Widget-->\r\n                        <div class=\"sidebar-widget-two meeting-widget\">\r\n                        \t<div class=\"widget-content\">\r\n                            \t<div class=\"sidebar-title-two\">\r\n                                \t<h2>Pide tu <br> Presupuesto\r\n<\/h2>\r\n                                <\/div>\r\n                                <div class=\"image\">\r\n                                \t<img decoding=\"async\" src=\"https:\/\/gestionyexcelencia.cl\/wp-content\/uploads\/2022\/08\/conocenos.png\" alt=\"Image\" \/>\r\n                                    <div class=\"overlay-box\">\r\n                                    \t<h2> <br> <span class=\"theme_color\"><\/h2>\r\n                                        <a href=\"#\" class=\"meet\"><\/a>\r\n                                    <\/div>\r\n                                <\/div>\r\n                            <\/div>\r\n                        <\/div>\r\n                        \r\n                        <!--Hours Widget-->\r\n                        <div class=\"sidebar-widget-two hours-widget\">\r\n                        \t<div class=\"widget-content\">\r\n                            \t<div class=\"sidebar-title-two\">\r\n                                \t<h2>Horario <br>\r\nAtenci\u00f3n<\/h2>\r\n                                <\/div>\r\n                                <ul class=\"hours-time-list\">\r\n                                \t<li class=\"clearfix\">Lunes - Viernes <span>9.00 - 18.00<\/span><\/li>\r\n                                    <li class=\"clearfix\"><\/li>\r\n                                    <li class=\"clearfix\"> <span class=\"theme_color\"><\/span><\/li>\r\n                                <\/ul>\r\n                                <div class=\"phone-number\">F: 562 22442533<\/div>\r\n                            <\/div>\r\n                        <\/div>\r\n                        \r\n                    <\/div>\r\n                <\/div>\r\n                \r\n            <\/div>\r\n        <\/div>\r\n    <\/div><\/div><\/div><\/div><\/div><\/section>\n","protected":false},"excerpt":{"rendered":"","protected":false},"author":3,"featured_media":0,"parent":0,"menu_order":0,"comment_status":"closed","ping_status":"closed","template":"tpl-king-composer.php","meta":{"footnotes":""},"class_list":["post-603","page","type-page","status-publish","hentry"],"_links":{"self":[{"href":"https:\/\/gestionyexcelencia.cl\/index.php?rest_route=\/wp\/v2\/pages\/603","targetHints":{"allow":["GET"]}}],"collection":[{"href":"https:\/\/gestionyexcelencia.cl\/index.php?rest_route=\/wp\/v2\/pages"}],"about":[{"href":"https:\/\/gestionyexcelencia.cl\/index.php?rest_route=\/wp\/v2\/types\/page"}],"author":[{"embeddable":true,"href":"https:\/\/gestionyexcelencia.cl\/index.php?rest_route=\/wp\/v2\/users\/3"}],"replies":[{"embeddable":true,"href":"https:\/\/gestionyexcelencia.cl\/index.php?rest_route=%2Fwp%2Fv2%2Fcomments&post=603"}],"version-history":[{"count":23,"href":"https:\/\/gestionyexcelencia.cl\/index.php?rest_route=\/wp\/v2\/pages\/603\/revisions"}],"predecessor-version":[{"id":2062,"href":"https:\/\/gestionyexcelencia.cl\/index.php?rest_route=\/wp\/v2\/pages\/603\/revisions\/2062"}],"wp:attachment":[{"href":"https:\/\/gestionyexcelencia.cl\/index.php?rest_route=%2Fwp%2Fv2%2Fmedia&parent=603"}],"curies":[{"name":"wp","href":"https:\/\/api.w.org\/{rel}","templated":true}]}}