{"id":81,"date":"2018-08-16T04:41:18","date_gmt":"2018-08-16T04:41:18","guid":{"rendered":"http:\/\/localhost\/ikon\/?page_id=81"},"modified":"2022-08-28T15:47:00","modified_gmt":"2022-08-28T15:47:00","slug":"contact-us","status":"publish","type":"page","link":"https:\/\/gestionyexcelencia.cl\/?page_id=81","title":{"rendered":"Contact us"},"content":{"rendered":"<p><section data-kc-fullwidth=\"content\" class=\"kc-elm kc-css-327505 kc_row\"><div class=\"kc-row-container\"><div class=\"kc-wrap-columns\"><div class=\"kc-elm kc-css-448903 kc_col-sm-12 kc_column kc_col-sm-12\"><div class=\"kc-col-container\"><section class=\" contact-banner-post\" style=\"background-image:url(https:\/\/gestionyexcelencia.cl\/wp-content\/uploads\/2022\/08\/contacto.png)\">\r\n    \t<div class=\"auto-container\">\r\n        \t<div class=\"upper-box\">\r\n            \t<h2><span class=\"icon-box flaticon-mail\"><\/span> \u00a1Cont\u00e1ctanos! <br> y cu\u00e9ntanos qu\u00e9 necesitas<\/h2>\r\n            <\/div>\r\n            \r\n            <!--Contact Info Blocks-->\r\n            <div class=\"contact-info-blocks\">\r\n            \t<div class=\"row clearfix\">\r\n                \t\r\n                    <!--Info Branch Block-->\r\n                    <div class=\"info-branch-block col-md-4 col-sm-6 col-xs-12\">\r\n                    \t<div class=\"inner-box\">\r\n                        \t<h3>Ubicaci\u00f3n<\/h3>\r\n                            <div class=\"text\">Hernando de Aguirre 128, Oficina 904 <br>  Providencia, RM <br> Chile.<\/div>\r\n                            <a href=\"\" class=\"direction\"><\/a>\r\n                        <\/div>\r\n                    <\/div>\r\n                    \r\n                    <div class=\"quick-contact-info col-md-4 col-sm-6 col-xs-12\">\r\n                    \t<div class=\"inner-box\">\r\n                        \t<h3>Contacto<\/h3>\r\n                            <ul class=\"branch-list-contact\">\r\n                            \t<li><span class=\"icon flaticon-technology-2\"><\/span><strong>Tel\u00e9fono:<\/strong> +562 2442533<\/li>\r\n                                <li><span class=\"icon flaticon-note\"><\/span> <strong>Email:<\/strong> contacto@gestionyexcelencia.cl<\/li>\r\n                            <\/ul>\r\n                        <\/div>\r\n                    <\/div>\r\n                    \r\n                <\/div>\r\n            <\/div>\r\n            \r\n        <\/div>\r\n    <\/section><section class=\" communicate-section\">\r\n        <div class=\"auto-container\">\r\n        \t<div class=\"row clearfix\">\r\n            \t\r\n                <!--Content Column-->\r\n                <div class=\"content-column col-md-8 col-sm-12 col-xs-12\">\r\n                \t<div class=\"inner-column\">\r\n                    \t<h2><\/h2>\r\n                        <div class=\"text\"><\/div>\r\n                        <div class=\"row clearfix\">\r\n                        \r\n                        \t<!--Communicate Box-->\r\n                            <div class=\"communicater-box col-md-6 col-sm-6 col-xs-12\">\r\n                            \t<h3><\/h3>\r\n                                <div class=\"communicate-inner\">\r\n                                \t<div class=\"image\">\r\n                                    \t<img decoding=\"async\" src=\"https:\/\/gestionyexcelencia.cl\/wp-content\/uploads\/2022\/08\/cuadrado_transparente.png\" alt=\"Image\" \/>\r\n                                    <\/div>\r\n                                    <div class=\"name\"><\/div>\r\n                                    <ul>\r\n                                    \t<li><\/li>\r\n                                        <li><\/li>\r\n                                    <\/ul>\r\n                                <\/div>\r\n                            <\/div>\r\n                            \r\n                            <!--Communicate Box-->\r\n                            <div class=\"communicater-box col-md-6 col-sm-6 col-xs-12\">\r\n                            \t<h3><\/h3>\r\n                                <div class=\"communicate-inner\">\r\n                                \t<div class=\"image\">\r\n                                    \t<img decoding=\"async\" src=\"https:\/\/gestionyexcelencia.cl\/wp-content\/uploads\/2022\/08\/cuadrado_transparente.png\" alt=\"Image\" \/>\r\n                                    <\/div>\r\n                                    <div class=\"name\"><\/div>\r\n                                    <ul>\r\n                                    \t<li><\/li>\r\n                                        <li><\/li>\r\n                                    <\/ul>\r\n                                <\/div>\r\n                            <\/div>\r\n                            \r\n                        <\/div>\r\n                    <\/div>\r\n                <\/div>\r\n                \r\n                <!--Form Column-->\r\n                <div class=\"form-column col-md-4 col-sm-12 col-xs-12\">\r\n                \t<div class=\"inner-column\">\r\n                    \t<div class=\"title-box\">\r\n                        \t<h2>Env\u00eda tu mensaje<\/h2>\r\n                            <div class=\"text\"><\/div>\r\n                        <\/div>\r\n                        \r\n                        <div class=\"contact-form\">\r\n                        \t<!-- Contact Form -->\r\n                            \n<div class=\"wpcf7 no-js\" id=\"wpcf7-f667-o1\" lang=\"en-US\" dir=\"ltr\" data-wpcf7-id=\"667\">\n<div class=\"screen-reader-response\"><p role=\"status\" aria-live=\"polite\" aria-atomic=\"true\"><\/p> <ul><\/ul><\/div>\n<form action=\"\/index.php?rest_route=%2Fwp%2Fv2%2Fpages%2F81#wpcf7-f667-o1\" method=\"post\" class=\"wpcf7-form init\" aria-label=\"Contact form\" novalidate=\"novalidate\" data-status=\"init\">\n<fieldset class=\"hidden-fields-container\"><input type=\"hidden\" name=\"_wpcf7\" value=\"667\" \/><input type=\"hidden\" name=\"_wpcf7_version\" value=\"6.1.5\" \/><input type=\"hidden\" name=\"_wpcf7_locale\" value=\"en_US\" \/><input type=\"hidden\" name=\"_wpcf7_unit_tag\" value=\"wpcf7-f667-o1\" \/><input type=\"hidden\" name=\"_wpcf7_container_post\" value=\"0\" \/><input type=\"hidden\" name=\"_wpcf7_posted_data_hash\" value=\"\" \/>\n<\/fieldset>\n<div class=\"form-group\">\n\t<p><input type=\"text\" name=\"name\" placeholder=\"Name*\" required \/>\n\t<\/p>\n<\/div>\n<div class=\"form-group\">\n\t<p><input type=\"email\" name=\"email\" placeholder=\"Email*\" required \/>\n\t<\/p>\n<\/div>\n<div class=\"form-group\">\n\t<p><input type=\"text\" name=\"phone\" placeholder=\"Phone\" required \/>\n\t<\/p>\n<\/div>\n<div class=\"form-group\">\n\t<p><input type=\"text\" name=\"subject\" placeholder=\"Subject\" required \/>\n\t<\/p>\n<\/div>\n<div class=\"form-group\">\n\t<p><textarea name=\"message\" placeholder=\"Message...\"><\/textarea>\n\t<\/p>\n<\/div>\n<div class=\"form-group btn-column\">\n\t<p><button class=\"theme-btn btn-style-two\" type=\"submit\" name=\"submit-form\">Submit<\/button>\n\t<\/p>\n<\/div><div class=\"wpcf7-response-output\" aria-hidden=\"true\"><\/div>\n<\/form>\n<\/div>\n                        <\/div>\r\n                        <!--End Contact Form -->\r\n                        \r\n                    <\/div>\r\n                <\/div>\r\n                \r\n            <\/div>\r\n        <\/div>\r\n    <\/section><\/div><\/div><\/div><\/div><\/section><section data-kc-fullwidth=\"content\" class=\"kc-elm kc-css-217285 kc_row\"><div class=\"kc-row-container\"><div class=\"kc-wrap-columns\"><div class=\"kc-elm kc-css-998104 kc_col-sm-12 kc_column kc_col-sm-12\"><div class=\"kc-col-container\"><section class=\" contact-brances-section\">\r\n    \t<div class=\"auto-container\">\r\n        \t<!--Title Box-->\r\n            <div class=\"title-box\">\r\n            \t<h2>CONTACT OUR OTHER BRANCHES<\/h2>\r\n                <div class=\"text\">We Have 24 Branches Around The United States of America.<\/div>\r\n            <\/div>\r\n            <div class=\"branches-carousel owl-carousel owl-theme\">\r\n            \r\n            \t\t\t\t\t\r\n\t\t\t\t<!--Branch Block-->\r\n            \t<div class=\"contact-branch-block\">\r\n                \t<div class=\"inner-box\">\r\n                    \t<div class=\"image\">\r\n                        \t<img decoding=\"async\" src=\"https:\/\/gestionyexcelencia.cl\/wp-content\/uploads\/2018\/08\/branch-1.jpg\" alt=\"Image\" \/>\r\n                        <\/div>\r\n                        <div class=\"lower-box\">\r\n                        \t<div class=\"text\">DE 198 Tech Road <br> Bridge Str, Newyork 10026 <br> United States.<\/div>\r\n                        <\/div>\r\n                    <\/div>\r\n                <\/div>\r\n                \r\n\t\t\t\t\t\t\t\t\r\n\t\t\t\t<!--Branch Block-->\r\n            \t<div class=\"contact-branch-block\">\r\n                \t<div class=\"inner-box\">\r\n                    \t<div class=\"image\">\r\n                        \t<img decoding=\"async\" src=\"https:\/\/gestionyexcelencia.cl\/wp-content\/uploads\/2018\/08\/branch-2.jpg\" alt=\"Image\" \/>\r\n                        <\/div>\r\n                        <div class=\"lower-box\">\r\n                        \t<div class=\"text\">DE 198 Tech Road <br> Bridge Str, Newyork 10026 <br> United States.<\/div>\r\n                        <\/div>\r\n                    <\/div>\r\n                <\/div>\r\n                \r\n\t\t\t\t\t\t\t\t\r\n\t\t\t\t<!--Branch Block-->\r\n            \t<div class=\"contact-branch-block\">\r\n                \t<div class=\"inner-box\">\r\n                    \t<div class=\"image\">\r\n                        \t<img decoding=\"async\" src=\"https:\/\/gestionyexcelencia.cl\/wp-content\/uploads\/2018\/08\/branch-3.jpg\" alt=\"Image\" \/>\r\n                        <\/div>\r\n                        <div class=\"lower-box\">\r\n                        \t<div class=\"text\">DE 198 Tech Road <br> Bridge Str, Newyork 10026 <br> United States.<\/div>\r\n                        <\/div>\r\n                    <\/div>\r\n                <\/div>\r\n                \r\n\t\t\t\t\t\t\t\t\r\n\t\t\t\t<!--Branch Block-->\r\n            \t<div class=\"contact-branch-block\">\r\n                \t<div class=\"inner-box\">\r\n                    \t<div class=\"image\">\r\n                        \t<img decoding=\"async\" src=\"https:\/\/gestionyexcelencia.cl\/wp-content\/uploads\/2018\/08\/branch-4.jpg\" alt=\"Image\" \/>\r\n                        <\/div>\r\n                        <div class=\"lower-box\">\r\n                        \t<div class=\"text\">DE 198 Tech Road <br> Bridge Str, Newyork 10026 <br> United States.<\/div>\r\n                        <\/div>\r\n                    <\/div>\r\n                <\/div>\r\n                \r\n\t\t\t\t\t\t\t\t\r\n\t\t\t\t<!--Branch Block-->\r\n            \t<div class=\"contact-branch-block\">\r\n                \t<div class=\"inner-box\">\r\n                    \t<div class=\"image\">\r\n                        \t<img decoding=\"async\" src=\"https:\/\/gestionyexcelencia.cl\/wp-content\/uploads\/2018\/08\/branch-1.jpg\" alt=\"Image\" \/>\r\n                        <\/div>\r\n                        <div class=\"lower-box\">\r\n                        \t<div class=\"text\">DE 198 Tech Road <br> Bridge Str, Newyork 10026 <br> United States.<\/div>\r\n                        <\/div>\r\n                    <\/div>\r\n                <\/div>\r\n                \r\n\t\t\t\t\t\t\t\t\r\n\t\t\t\t<!--Branch Block-->\r\n            \t<div class=\"contact-branch-block\">\r\n                \t<div class=\"inner-box\">\r\n                    \t<div class=\"image\">\r\n                        \t<img decoding=\"async\" src=\"https:\/\/gestionyexcelencia.cl\/wp-content\/uploads\/2018\/08\/branch-2.jpg\" alt=\"Image\" \/>\r\n                        <\/div>\r\n                        <div class=\"lower-box\">\r\n                        \t<div class=\"text\">DE 198 Tech Road <br> Bridge Str, Newyork 10026 <br> United States.<\/div>\r\n                        <\/div>\r\n                    <\/div>\r\n                <\/div>\r\n                \r\n\t\t\t\t\t\t\t\t\r\n\t\t\t\t<!--Branch Block-->\r\n            \t<div class=\"contact-branch-block\">\r\n                \t<div class=\"inner-box\">\r\n                    \t<div class=\"image\">\r\n                        \t<img decoding=\"async\" src=\"https:\/\/gestionyexcelencia.cl\/wp-content\/uploads\/2018\/08\/branch-3.jpg\" alt=\"Image\" \/>\r\n                        <\/div>\r\n                        <div class=\"lower-box\">\r\n                        \t<div class=\"text\">DE 198 Tech Road <br> Bridge Str, Newyork 10026 <br> United States.<\/div>\r\n                        <\/div>\r\n                    <\/div>\r\n                <\/div>\r\n                \r\n\t\t\t\t\t\t\t\t\r\n\t\t\t\t<!--Branch Block-->\r\n            \t<div class=\"contact-branch-block\">\r\n                \t<div class=\"inner-box\">\r\n                    \t<div class=\"image\">\r\n                        \t<img decoding=\"async\" src=\"https:\/\/gestionyexcelencia.cl\/wp-content\/uploads\/2018\/08\/branch-4.jpg\" alt=\"Image\" \/>\r\n                        <\/div>\r\n                        <div class=\"lower-box\">\r\n                        \t<div class=\"text\">DE 198 Tech Road <br> Bridge Str, Newyork 10026 <br> United States.<\/div>\r\n                        <\/div>\r\n                    <\/div>\r\n                <\/div>\r\n                \r\n\t\t\t\t            <\/div>\r\n        <\/div>\r\n    <\/section><\/div><\/div><\/div><\/div><\/section><section data-kc-fullwidth=\"content\" class=\"kc-elm kc-css-595067 kc_row\"><div class=\"kc-row-container\"><div class=\"kc-wrap-columns\"><div class=\"kc-elm kc-css-531471 kc_col-sm-12 kc_column kc_col-sm-12\"><div class=\"kc-col-container\"><div class=\"kc-elm kc-css-994282 kc_google_maps kc_shortcode\" data-wheel=\"disable\"><div style=\"height: 470px\" class=\"kc-google-maps\"><iframe src=\"https:\/\/www.google.com\/maps\/embed?pb=!1m18!1m12!1m3!1d3330.146873465313!2d-70.6009152!3d-33.41941500000001!2m3!1f0!2f0!3f0!3m2!1i1024!2i768!4f13.1!3m3!1m2!1s0x9662cf6baa28a307%3A0xdf5be0f57e373fc!2sAv.%20Hernando%20de%20Aguirre%20128%2C%20Providencia%2C%20Regi%C3%B3n%20Metropolitana!5e0!3m2!1ses!2scl!4v1659223221920!5m2!1ses!2scl\" width=\"100%\" height=\"470\" style=\"border:0;\" allowfullscreen=\"\" loading=\"lazy\" referrerpolicy=\"no-referrer-when-downgrade\"><\/iframe><\/div><\/div><\/div><\/div><\/div><\/div><\/section><\/p>\n","protected":false},"excerpt":{"rendered":"","protected":false},"author":3,"featured_media":0,"parent":0,"menu_order":0,"comment_status":"closed","ping_status":"closed","template":"tpl-king-composer.php","meta":{"footnotes":""},"class_list":["post-81","page","type-page","status-publish","hentry"],"_links":{"self":[{"href":"https:\/\/gestionyexcelencia.cl\/index.php?rest_route=\/wp\/v2\/pages\/81","targetHints":{"allow":["GET"]}}],"collection":[{"href":"https:\/\/gestionyexcelencia.cl\/index.php?rest_route=\/wp\/v2\/pages"}],"about":[{"href":"https:\/\/gestionyexcelencia.cl\/index.php?rest_route=\/wp\/v2\/types\/page"}],"author":[{"embeddable":true,"href":"https:\/\/gestionyexcelencia.cl\/index.php?rest_route=\/wp\/v2\/users\/3"}],"replies":[{"embeddable":true,"href":"https:\/\/gestionyexcelencia.cl\/index.php?rest_route=%2Fwp%2Fv2%2Fcomments&post=81"}],"version-history":[{"count":25,"href":"https:\/\/gestionyexcelencia.cl\/index.php?rest_route=\/wp\/v2\/pages\/81\/revisions"}],"predecessor-version":[{"id":1683,"href":"https:\/\/gestionyexcelencia.cl\/index.php?rest_route=\/wp\/v2\/pages\/81\/revisions\/1683"}],"wp:attachment":[{"href":"https:\/\/gestionyexcelencia.cl\/index.php?rest_route=%2Fwp%2Fv2%2Fmedia&parent=81"}],"curies":[{"name":"wp","href":"https:\/\/api.w.org\/{rel}","templated":true}]}}